{"id":249167,"date":"2024-05-06T07:31:24","date_gmt":"2024-05-06T07:31:24","guid":{"rendered":"https:\/\/mamparasvelvet.com\/politica-de-cookies\/"},"modified":"2024-06-17T12:07:25","modified_gmt":"2024-06-17T12:07:25","slug":"politica-de-cookies","status":"publish","type":"page","link":"https:\/\/mamparasvelvet.com\/ca\/politica-de-cookies\/","title":{"rendered":"Pol\u00edtica de cookies"},"content":{"rendered":"<p>[et_pb_section fb_built=&#8221;1&#8243; _builder_version=&#8221;4.24.3&#8243; _module_preset=&#8221;default&#8221; global_colors_info=&#8221;{}&#8221;][et_pb_row _builder_version=&#8221;4.24.3&#8243; _module_preset=&#8221;default&#8221; global_colors_info=&#8221;{}&#8221;][et_pb_column type=&#8221;4_4&#8243; _builder_version=&#8221;4.24.3&#8243; _module_preset=&#8221;default&#8221; global_colors_info=&#8221;{}&#8221;][et_pb_text _builder_version=&#8221;4.25.1&#8243; _module_preset=&#8221;default&#8221; header_2_font_size=&#8221;20px&#8221; global_colors_info=&#8221;{}&#8221;]<\/p>\n<h1>Pol\u00edtica de cookies<\/h1>\n<h2><\/h2>\n<h2><\/h2>\n<h2>INFORMACI\u00d3N SOBRE COOKIES<\/h2>\n<p>Conforme con la Ley 34\/2002, de 11 de julio, de servicios de la sociedad de la informaci\u00f3n y de comercio electr\u00f3nico (LSSI), en relaci\u00f3n con el Reglamento (UE) 2016\/679 del Parlamento Europeo y del Consejo, de 27 de abril de 2016, General de Protecci\u00f3n de Datos (GDPR) y la Ley Org\u00e1nica 3\/2018, de 5 de diciembre, de Protecci\u00f3n de Datos y Garant\u00eda de los Derechos Digitales (LOPDGDD), es obligado obtener el consentimiento expreso del usuario de todas las p\u00e1ginas web que usan cookies prescindibles, antes de que este navegue por ellas.<\/p>\n<p>\u00bfQU\u00c9 SON LAS COOKIES?<\/p>\n<p>Las cookies y otras tecnolog\u00edas similares tales como local shared objects, flash cookies o p\u00edxeles, son herramientas empleadas por los servidores Web para almacenar y recuperar informaci\u00f3n acerca de sus visitantes, as\u00ed como para ofrecer un correcto funcionamiento del sitio. Mediante el uso de estos dispositivos se permite al servidor Web recordar algunos datos concernientes al usuario, como sus preferencias para la visualizaci\u00f3n de las p\u00e1ginas de ese servidor, nombre y contrase\u00f1a, productos que m\u00e1s le interesan, etc.<\/p>\n<p>COOKIES AFECTADAS POR LA NORMATIVA Y COOKIES EXCEPTUADAS<\/p>\n<p>Seg\u00fan la directiva de la UE, las cookies que requieren el consentimiento informado por parte del usuario son las cookies de anal\u00edtica y las de publicidad y afiliaci\u00f3n, quedando exceptuadas las de car\u00e1cter t\u00e9cnico y las necesarias para el funcionamiento del sitio web o la prestaci\u00f3n de servicios expresamente solicitados por el usuario.<\/p>\n<h2>TIPOS DE COOKIES<\/h2>\n<p>SEG\u00daN LA FINALIDAD<br \/>Cookies t\u00e9cnicas y funcionales: son aquellas que permiten al usuario la navegaci\u00f3n a trav\u00e9s de una p\u00e1gina web, plataforma o aplicaci\u00f3n y la utilizaci\u00f3n de las diferentes opciones o servicios que en ella existan.<br \/>Cookies anal\u00edticas: son aquellas que permiten al responsable de las mismas el seguimiento y an\u00e1lisis del comportamiento de los usuarios de los sitios web a los que est\u00e1n vinculadas. La informaci\u00f3n recogida mediante este tipo de cookies se utiliza en la medici\u00f3n de la actividad de los sitios web, aplicaci\u00f3n o plataforma y para la elaboraci\u00f3n de perfiles de navegaci\u00f3n de los usuarios de dichos sitios, aplicaciones y plataformas, con el fin de introducir mejoras en funci\u00f3n del an\u00e1lisis de los datos de uso que hacen los usuarios del servicio.<br \/>Cookies publicitarias: son aquellas que permiten la gesti\u00f3n, de la forma m\u00e1s eficaz posible, de los espacios publicitarios que, en su caso, el editor haya incluido en una p\u00e1gina web, aplicaci\u00f3n o plataforma desde la que presta el servicio solicitado en base a criterios como el contenido editado o la frecuencia en la que se muestran los anuncios.<br \/>Cookies de publicidad comportamental: recogen informaci\u00f3n sobre las preferencias y elecciones personales del usuario (retargeting) para permitir la gesti\u00f3n, de la forma m\u00e1s eficaz posible, de los espacios publicitarios que, en su caso, el editor haya incluido en una p\u00e1gina web, aplicaci\u00f3n o plataforma desde la que presta el servicio solicitado.<br \/>Cookies sociales: son establecidas por las plataformas de redes sociales en los servicios para permitirle compartir contenido con sus amigos y redes. Las plataformas de medios sociales tienen la capacidad de rastrear su actividaden l\u00ednea fuera de los Servicios. Esto puede afectar al contenido y los mensajes que ve en otros servicios que visita.<br \/>Cookies de afiliados: permiten hacer un seguimiento de las visitas procedentes de otras webs, con las que el sitio web establece un contrato de afiliaci\u00f3n (empresas de afiliaci\u00f3n).<br \/>Cookies de seguridad: almacenan informaci\u00f3n cifrada para evitar que los datos guardados en ellas sean vulnerables a ataques maliciosos de terceros.<\/p>\n<p>SEG\u00daN LA PROPIEDAD<br \/>Cookies propias: son aquellas que se env\u00edan al equipo terminal del usuario desde un equipo o dominio gestionado por el propio editor y desde el que se presta el servicio solicitado por el usuario.<br \/>Cookies de terceros: son aquellas que se env\u00edan al equipo terminal del usuario desde un equipo o dominio que no es gestionado por el editor, sino por otra entidad que trata los datos obtenidos trav\u00e9s de las cookies.<\/p>\n<p>SEG\u00daN EL PLAZO DE CONSERVACI\u00d3N<br \/>Cookies de sesi\u00f3n: son un tipo de cookies dise\u00f1adas para recabar y almacenar datos mientras el usuario accede a una p\u00e1gina web.<br \/>Cookies persistentes: son un tipo de cookies en el que los datos siguen almacenados en el terminal y pueden ser accedidos y tratados durante un per\u00edodo definido por el responsable de la cookie, y que puede ir de unos minutos a varios a\u00f1os.<\/p>\n<p>TRATAMIENTO DE DATOS PERSONALES<\/p>\n<p>VIELMAR S.A. es el Responsable del tratamiento de los datos personales del Interesado y le informa de que estos datos ser\u00e1n tratados de conformidad con lo dispuesto en el Reglamento (UE) 2016\/679, de 27 de abril de 2016 (GDPR), por lo que se le facilita la siguiente informaci\u00f3n del tratamiento:<\/p>\n<p>Fines del tratamiento: seg\u00fan se especifica en el apartado de cookies que se utilizan en este sitio web.<br \/>Legitimaci\u00f3n del tratamiento: salvo en los casos en los que resulte necesario para la navegaci\u00f3n por la web, por consentimiento del interesado (art. 6.1 GDPR).<br \/>Criterios de conservaci\u00f3n de los datos: seg\u00fan se especifica en el apartado de cookies utilizadas en la web.<br \/>Comunicaci\u00f3n de los datos: no se comunicar\u00e1n los datos a terceros, excepto en cookies propiedad de terceros o por obligaci\u00f3n legal.<br \/>Derechos que asisten al Interesado:<br \/>&#8211; Derecho a retirar el consentimiento en cualquier momento.<br \/>&#8211; Derecho de acceso, rectificaci\u00f3n, portabilidad y supresi\u00f3n de sus datos, y de limitaci\u00f3n u oposici\u00f3n a su tratamiento.<br \/>&#8211; Derecho a presentar una reclamaci\u00f3n ante la Autoridad de control (www.aepd.es) si considera que el tratamiento no se ajusta a la normativa vigente.<\/p>\n<p>Datos de contacto para ejercer sus derechos:<br \/>VIELMAR S.A.. C\/ MARIE CURIE n\u00ba 3 (POL. IND. SESROVIRES) , 08635 SANT ESTEVE SESROVIRES (BARCELONA) E-mail: info@mamparasvelvet.com,<\/p>\n<p>COOKIES UTILIZADAS EN ESTE SITIO WEB<\/p>\n<p>Tanto desde el banner de aceptaci\u00f3n de la pol\u00edtica de cookies como desde el bot\u00f3n flotante de la parte inferior izquierda de la web, podr\u00e1 acceder al panel para configurar las cookies que el sitio web puede instalar en su navegador, excepto las cookies t\u00e9cnicas o funcionales que son necesarias para la navegaci\u00f3n y la utilizaci\u00f3n de las diferentes opciones o servicios que se ofrecen.<br \/>Las cookies seleccionadas indican que el usuario autoriza la instalaci\u00f3n en su navegador y el tratamiento de datos bajo las condiciones reflejadas en la Pol\u00edtica de cookies.<br \/>El usuario puede marcar o desmarcar el selector seg\u00fan se desee aceptar o rechazar la instalaci\u00f3n de cookies.<\/p>\n<p><strong>Cookies necesarias para la navegaci\u00f3n<\/strong><\/p>\n<p>Estas cookies ayudan a hacer una p\u00e1gina web utilizable activando funciones b\u00e1sicas como la navegaci\u00f3n en la p\u00e1gina y el acceso a \u00e1reas seguras de la p\u00e1gina web. La p\u00e1gina web no puede funcionar adecuadamente sin estas cookies.<\/p>\n<p>moove_gdpr_popup<br \/>&#8211; Controla la aceptaci\u00f3n o bloqueo de los scripts de las cookies no funcionales de terceros.<br \/>&#8211; Duraci\u00f3n: 1 Semana<br \/>&#8211; Tipo: t\u00e9cnica, funcional<\/p>\n<p>pwh_dcfh_uniqueviews_*<br \/>&#8211; Cookie utilizada en los formularios de contacto en la web, necesaria para registrar correctamente el env\u00edo de informaci\u00f3n.<br \/>&#8211; Duraci\u00f3n: 1 a\u00f1o<br \/>&#8211; Tipo: t\u00e9cnica, funcional<\/p>\n<p>WordPress_test_cookie<br \/>&#8211; Se utiliza para que el gestor de Contenidos de WordPress comrpuebe si el navegador tiene las cookies activadas.<br \/>&#8211; Duraci\u00f3n: sesi\u00f3n.<br \/>&#8211; Tipo: t\u00e9cnica, funcional<\/p>\n<p>wp-wpml_current_admin_language_<br \/>&#8211; Esta cookie almacena el idioma predeterminado para el usuario administrador del sitio.<br \/>&#8211; Duraci\u00f3n: Sesi\u00f3n<br \/>&#8211; Tipo: t\u00e9cnica, funcional<\/p>\n<p>wp-wpml_current_language<br \/>&#8211; Cookie usada para seleccionar el idioma de la web.<br \/>&#8211; Duraci\u00f3n: Sesi\u00f3n<br \/>&#8211; Tipo: t\u00e9cnica, funcional<\/p>\n<p>wp-settings-1<br \/>&#8211; Esta cookie se usa para mantener la configuraci\u00f3n del usuario en wp-admin.<br \/>&#8211; Duraci\u00f3n: 1 a\u00f1o<br \/>&#8211; Tipo: t\u00e9cnica, funcional<\/p>\n<p>wp-settings-time-1<br \/>&#8211; Esta cookie se usa para la hora en la que se estableci\u00f3 wp-settings-{user}<br \/>&#8211; Duraci\u00f3n: 1 a\u00f1o<br \/>&#8211; Tipo: t\u00e9cnica, funcional<\/p>\n<p>COOKIES DE TERCEROS<\/p>\n<p>Esta web utiliza cookies de Metricool, un servicio anal\u00edtico de web prestado por Metricool Software, S.L., una compa\u00f1\u00eda de Madrid cuya oficina principal est\u00e1 en Calle T\u00e9llez, 12 Madrid (Espa\u00f1a). Metricool utiliza \u201ccookies\u201d, que son archivos de texto ubicados en tu ordenador, para ayudar a www.thechief.marketing a analizar el uso que hacen los usuarios del sitio web. La informaci\u00f3n que genera la cookie acerca de su uso de www.thechief.marketing (incluyendo tu direcci\u00f3n IP) ser\u00e1 directamente transmitida y archivada por Metricool en los servidores de Estados Unidos.<\/p>\n<p>Concretamente las cookies anal\u00edticas de Metricool son las siguientes:<\/p>\n<p>_fbp de duraci\u00f3n trimestral<br \/>_ga de duraci\u00f3n anual<br \/>__ga_XNWPVKYTBS de 1 a\u00f1o y 1 mes de duraci\u00f3n<br \/>_gcl_au de 5 semanas de duraci\u00f3n<br \/>_hjSessionUser_4980883 de duraci\u00f3n anual<br \/>_tt_enable_cookie de duraci\u00f3n anual<br \/>_ttp de duraci\u00f3n anual<br \/>_ym_d de duraci\u00f3n anual<br \/>_ym_uid de duraci\u00f3n anual<br \/>_crisp-client%2Fsession%2F15b0c028-f728-4a4f-add2-7657188bddac de 6 meses de duraci\u00f3n.<\/p>\n<p>Estas cookies se pueden desactivar modificando los ajustes desde el bot\u00f3n &#8220;Ajsutes de cookies&#8221; que aparece en la parte inferior izquierda de la pantalla.<\/p>\n<p><strong>COOKIES DE REDES SOCIALES<\/strong><\/p>\n<p>Las cookies de redes sociales pueden almacenarse en su navegador mientras navega por este sitio web, por ejemplo, cuando utiliza el bot\u00f3n de compartir contenidos en alguna red social.<\/p>\n<p>A continuaci\u00f3n, tienes informaci\u00f3n sobre las cookies de las redes sociales que utiliza esta web en sus propias pol\u00edticas de cookies:<\/p>\n<ul>\n<ul>\n<li>Cookies de Instagram, ver m\u00e1s informaci\u00f3n en su\u00a0<a href=\"https:\/\/privacycenter.instagram.com\/policies\/cookies\/\" target=\"_blank\" rel=\"noopener\">pol\u00edtica de cookies<\/a>.<\/li>\n<li>Cookies de YouTube, ver m\u00e1s informaci\u00f3n en su\u00a0<a href=\"https:\/\/policies.google.com\/technologies\/types?hl=es\" target=\"_blank\" rel=\"noopener\">pol\u00edtica de cookies<\/a>.<\/li>\n<li>Cookies de Facebook, ver m\u00e1s informaci\u00f3n en su<span>\u00a0<\/span><a href=\"https:\/\/www.facebook.com\/privacy\/policies\/cookies\/?entry_point=cookie_policy_redirect&amp;entry=0\" target=\"_blank\" rel=\"noopener\">pol\u00edtica de cookies.<\/a><\/li>\n<li>Cookies de Pinterest, ver m\u00e1s informaci\u00f3n en su<span>\u00a0<\/span><a href=\"https:\/\/es.linkedin.com\/legal\/cookie-policy?\" target=\"_blank\" rel=\"noopener\">pol\u00edtica de cookies.<\/a><\/li>\n<\/ul>\n<\/ul>\n<p>C\u00d3MO GESTIONAR LAS COOKIES DESDE EL NAVEGADOR<\/p>\n<p><strong>Eliminar las cookies del dispositivo<\/strong><\/p>\n<p>Las cookies que ya est\u00e1n en un dispositivo se pueden eliminar borrando el historial del navegador, con lo que se suprimen las cookies de todos los sitios web visitados. Sin embargo, tambi\u00e9n se puede perder parte de la informaci\u00f3n guardada (por ejemplo, los datos de inicio de sesi\u00f3n o las preferencias de sitio web).<\/p>\n<p><strong>Gestionar las cookies espec\u00edficas del sitio<\/strong><\/p>\n<p>Para tener un control m\u00e1s preciso de las cookies espec\u00edficas de cada sitio, los usuarios pueden ajustar su configuraci\u00f3n de privacidad y cookies en el navegador.<\/p>\n<p><strong>Bloquear las cookies<\/strong><\/p>\n<p>Aunque la mayor\u00eda de los navegadores modernos se pueden configurar para evitar que se instalen cookies en los dispositivos, eso puede obligar al ajuste manual de determinadas preferencias cada vez que se visite un sitio o p\u00e1gina. Adem\u00e1s, algunos servicios y caracter\u00edsticas pueden no funcionar correctamente (por ejemplo, los inicios de sesi\u00f3n con perfil).<\/p>\n<p>C\u00d3MO ELIMINAR LAS COOKIES DE LOS NAVEGADORES M\u00c1S COMUNES<\/p>\n<p>Chrome http:\/\/support.google.com\/chrome\/answer\/95647?hl=es<br \/>Edge https:\/\/support.microsoft.com\/es-es\/microsoft-edge\/eliminar-las-cookies-en-microsoft-edge-63947406-40ac-c3b8-57b9-2a946a29ae09<br \/>Explorer https:\/\/support.microsoft.com\/es-es\/help\/278835\/how-to-delete-cookie-files-in-internet-explorer<br \/>Firefox https:\/\/www.mozilla.org\/es-ES\/privacy\/websites\/#cookies<br \/>Safari https:\/\/support.apple.com\/es-es\/guide\/safari\/sfri11471\/mac<br \/>Opera https:\/\/help.opera.com\/en\/latest\/security-and-privacy\/#clearBrowsingData<\/p>\n<p>[\/et_pb_text][\/et_pb_column][\/et_pb_row][\/et_pb_section]<\/p>\n","protected":false},"excerpt":{"rendered":"<p>Pol\u00edtica de cookies INFORMACI\u00d3N SOBRE COOKIES Conforme con la Ley 34\/2002, de 11 de julio, de servicios de la sociedad de la informaci\u00f3n y de comercio electr\u00f3nico (LSSI), en relaci\u00f3n con el Reglamento (UE) 2016\/679 del Parlamento Europeo y del Consejo, de 27 de abril de 2016, General de Protecci\u00f3n de Datos (GDPR) y la [&hellip;]<\/p>\n","protected":false},"author":1,"featured_media":0,"parent":0,"menu_order":0,"comment_status":"closed","ping_status":"closed","template":"","meta":{"_et_pb_use_builder":"on","_et_pb_old_content":"","_et_gb_content_width":"","footnotes":""},"class_list":["post-249167","page","type-page","status-publish","hentry"],"yoast_head":"<!-- This site is optimized with the Yoast SEO plugin v27.3 - https:\/\/yoast.com\/product\/yoast-seo-wordpress\/ -->\n<title>Pol\u00edtica de cookies - Velvet Mamparas<\/title>\n<meta name=\"robots\" content=\"index, follow, max-snippet:-1, max-image-preview:large, max-video-preview:-1\" \/>\n<link rel=\"canonical\" href=\"https:\/\/mamparasvelvet.com\/ca\/politica-de-cookies\/\" \/>\n<meta property=\"og:locale\" content=\"ca_ES\" \/>\n<meta property=\"og:type\" content=\"article\" \/>\n<meta property=\"og:title\" content=\"Pol\u00edtica de cookies - Velvet Mamparas\" \/>\n<meta property=\"og:description\" content=\"Pol\u00edtica de cookies INFORMACI\u00d3N SOBRE COOKIES Conforme con la Ley 34\/2002, de 11 de julio, de servicios de la sociedad de la informaci\u00f3n y de comercio electr\u00f3nico (LSSI), en relaci\u00f3n con el Reglamento (UE) 2016\/679 del Parlamento Europeo y del Consejo, de 27 de abril de 2016, General de Protecci\u00f3n de Datos (GDPR) y la [&hellip;]\" \/>\n<meta property=\"og:url\" content=\"https:\/\/mamparasvelvet.com\/ca\/politica-de-cookies\/\" \/>\n<meta property=\"og:site_name\" content=\"Velvet Mamparas\" \/>\n<meta property=\"article:modified_time\" content=\"2024-06-17T12:07:25+00:00\" \/>\n<meta name=\"twitter:card\" content=\"summary_large_image\" \/>\n<meta name=\"twitter:label1\" content=\"Temps estimat de lectura\" \/>\n\t<meta name=\"twitter:data1\" content=\"10 minuts\" \/>\n<script type=\"application\/ld+json\" class=\"yoast-schema-graph\">{\"@context\":\"https:\\\/\\\/schema.org\",\"@graph\":[{\"@type\":\"WebPage\",\"@id\":\"https:\\\/\\\/mamparasvelvet.com\\\/ca\\\/politica-de-cookies\\\/\",\"url\":\"https:\\\/\\\/mamparasvelvet.com\\\/ca\\\/politica-de-cookies\\\/\",\"name\":\"Pol\u00edtica de cookies - Velvet Mamparas\",\"isPartOf\":{\"@id\":\"https:\\\/\\\/mamparasvelvet.com\\\/ca\\\/#website\"},\"datePublished\":\"2024-05-06T07:31:24+00:00\",\"dateModified\":\"2024-06-17T12:07:25+00:00\",\"breadcrumb\":{\"@id\":\"https:\\\/\\\/mamparasvelvet.com\\\/ca\\\/politica-de-cookies\\\/#breadcrumb\"},\"inLanguage\":\"ca\",\"potentialAction\":[{\"@type\":\"ReadAction\",\"target\":[\"https:\\\/\\\/mamparasvelvet.com\\\/ca\\\/politica-de-cookies\\\/\"]}]},{\"@type\":\"BreadcrumbList\",\"@id\":\"https:\\\/\\\/mamparasvelvet.com\\\/ca\\\/politica-de-cookies\\\/#breadcrumb\",\"itemListElement\":[{\"@type\":\"ListItem\",\"position\":1,\"name\":\"Portada\",\"item\":\"https:\\\/\\\/mamparasvelvet.com\\\/ca\\\/\"},{\"@type\":\"ListItem\",\"position\":2,\"name\":\"Pol\u00edtica de cookies\"}]},{\"@type\":\"WebSite\",\"@id\":\"https:\\\/\\\/mamparasvelvet.com\\\/ca\\\/#website\",\"url\":\"https:\\\/\\\/mamparasvelvet.com\\\/ca\\\/\",\"name\":\"Velvet Mamparas\",\"description\":\"Fabricantes de MAMPARAS de ducha y ba\u00f1o\",\"potentialAction\":[{\"@type\":\"SearchAction\",\"target\":{\"@type\":\"EntryPoint\",\"urlTemplate\":\"https:\\\/\\\/mamparasvelvet.com\\\/ca\\\/?s={search_term_string}\"},\"query-input\":{\"@type\":\"PropertyValueSpecification\",\"valueRequired\":true,\"valueName\":\"search_term_string\"}}],\"inLanguage\":\"ca\"}]}<\/script>\n<!-- \/ Yoast SEO plugin. -->","yoast_head_json":{"title":"Pol\u00edtica de cookies - Velvet Mamparas","robots":{"index":"index","follow":"follow","max-snippet":"max-snippet:-1","max-image-preview":"max-image-preview:large","max-video-preview":"max-video-preview:-1"},"canonical":"https:\/\/mamparasvelvet.com\/ca\/politica-de-cookies\/","og_locale":"ca_ES","og_type":"article","og_title":"Pol\u00edtica de cookies - Velvet Mamparas","og_description":"Pol\u00edtica de cookies INFORMACI\u00d3N SOBRE COOKIES Conforme con la Ley 34\/2002, de 11 de julio, de servicios de la sociedad de la informaci\u00f3n y de comercio electr\u00f3nico (LSSI), en relaci\u00f3n con el Reglamento (UE) 2016\/679 del Parlamento Europeo y del Consejo, de 27 de abril de 2016, General de Protecci\u00f3n de Datos (GDPR) y la [&hellip;]","og_url":"https:\/\/mamparasvelvet.com\/ca\/politica-de-cookies\/","og_site_name":"Velvet Mamparas","article_modified_time":"2024-06-17T12:07:25+00:00","twitter_card":"summary_large_image","twitter_misc":{"Temps estimat de lectura":"10 minuts"},"schema":{"@context":"https:\/\/schema.org","@graph":[{"@type":"WebPage","@id":"https:\/\/mamparasvelvet.com\/ca\/politica-de-cookies\/","url":"https:\/\/mamparasvelvet.com\/ca\/politica-de-cookies\/","name":"Pol\u00edtica de cookies - Velvet Mamparas","isPartOf":{"@id":"https:\/\/mamparasvelvet.com\/ca\/#website"},"datePublished":"2024-05-06T07:31:24+00:00","dateModified":"2024-06-17T12:07:25+00:00","breadcrumb":{"@id":"https:\/\/mamparasvelvet.com\/ca\/politica-de-cookies\/#breadcrumb"},"inLanguage":"ca","potentialAction":[{"@type":"ReadAction","target":["https:\/\/mamparasvelvet.com\/ca\/politica-de-cookies\/"]}]},{"@type":"BreadcrumbList","@id":"https:\/\/mamparasvelvet.com\/ca\/politica-de-cookies\/#breadcrumb","itemListElement":[{"@type":"ListItem","position":1,"name":"Portada","item":"https:\/\/mamparasvelvet.com\/ca\/"},{"@type":"ListItem","position":2,"name":"Pol\u00edtica de cookies"}]},{"@type":"WebSite","@id":"https:\/\/mamparasvelvet.com\/ca\/#website","url":"https:\/\/mamparasvelvet.com\/ca\/","name":"Velvet Mamparas","description":"Fabricantes de MAMPARAS de ducha y ba\u00f1o","potentialAction":[{"@type":"SearchAction","target":{"@type":"EntryPoint","urlTemplate":"https:\/\/mamparasvelvet.com\/ca\/?s={search_term_string}"},"query-input":{"@type":"PropertyValueSpecification","valueRequired":true,"valueName":"search_term_string"}}],"inLanguage":"ca"}]}},"_links":{"self":[{"href":"https:\/\/mamparasvelvet.com\/ca\/wp-json\/wp\/v2\/pages\/249167","targetHints":{"allow":["GET"]}}],"collection":[{"href":"https:\/\/mamparasvelvet.com\/ca\/wp-json\/wp\/v2\/pages"}],"about":[{"href":"https:\/\/mamparasvelvet.com\/ca\/wp-json\/wp\/v2\/types\/page"}],"author":[{"embeddable":true,"href":"https:\/\/mamparasvelvet.com\/ca\/wp-json\/wp\/v2\/users\/1"}],"replies":[{"embeddable":true,"href":"https:\/\/mamparasvelvet.com\/ca\/wp-json\/wp\/v2\/comments?post=249167"}],"version-history":[{"count":1,"href":"https:\/\/mamparasvelvet.com\/ca\/wp-json\/wp\/v2\/pages\/249167\/revisions"}],"predecessor-version":[{"id":249170,"href":"https:\/\/mamparasvelvet.com\/ca\/wp-json\/wp\/v2\/pages\/249167\/revisions\/249170"}],"wp:attachment":[{"href":"https:\/\/mamparasvelvet.com\/ca\/wp-json\/wp\/v2\/media?parent=249167"}],"curies":[{"name":"wp","href":"https:\/\/api.w.org\/{rel}","templated":true}]}}